{"id":279,"date":"2017-10-13T08:41:19","date_gmt":"2017-10-13T07:41:19","guid":{"rendered":"http:\/\/history.skola.edu.mt\/?page_id=279"},"modified":"2020-01-10T13:14:26","modified_gmt":"2020-01-10T12:14:26","slug":"ccp","status":"publish","type":"page","link":"https:\/\/history.skola.edu.mt\/?page_id=279","title":{"rendered":"Core Curriculum Programme (CCP)"},"content":{"rendered":"<p><a href=\"https:\/\/history.skola.edu.mt\/wp-content\/uploads\/2020\/01\/Year-7-History-Alternative-Learning-Assessment-Programme-CCP-2019.pdf\">Year 7 History Alternative Learning &amp; Assessment Programme &#8216;CCP&#8217; 2019<\/a><\/p>\n<p><a href=\"https:\/\/history.skola.edu.mt\/wp-content\/uploads\/2020\/01\/Year-8-History-Alternative-Learning-Assessment-Programme-CCP-2019.pdf\">Year 8 History Alternative Learning &amp; Assessment Programme &#8216;CCP&#8217; 2019<\/a><\/p>\n<p><a href=\"https:\/\/curriculum.gov.mt\/en\/Curriculum\/Year-9-to-11\/Documents\/curric_f3_f5\/curric_ccp_history_f3_f4.pdf\">Sillabu CCP g\u0127ad-Disa&#8217; u l-G\u0127axar sena<\/a><\/p>\n<p><a href=\"https:\/\/curriculum.gov.mt\/en\/Curriculum\/Year-9-to-11\/Documents\/curric_f3_f5\/curric_ccp_history_f5_2015_16.pdf\">Sillabu CCP g\u0127all-\u0126dax-il sena<\/a><\/p>\n","protected":false},"excerpt":{"rendered":"<p>Year 7 History Alternative Learning &amp; Assessment Programme &#8216;CCP&#8217; 2019 Year 8 History Alternative Learning &amp; Assessment Programme &#8216;CCP&#8217; 2019 Sillabu CCP g\u0127ad-Disa&#8217; u l-G\u0127axar sena Sillabu CCP g\u0127all-\u0126dax-il sena<\/p>\n","protected":false},"author":3,"featured_media":0,"parent":0,"menu_order":0,"comment_status":"closed","ping_status":"closed","template":"","meta":{"site-sidebar-layout":"default","site-content-layout":"default","ast-site-content-layout":"","site-content-style":"default","site-sidebar-style":"default","ast-global-header-display":"","ast-banner-title-visibility":"","ast-main-header-display":"","ast-hfb-above-header-display":"","ast-hfb-below-header-display":"","ast-hfb-mobile-header-display":"","site-post-title":"","ast-breadcrumbs-content":"","ast-featured-img":"","footer-sml-layout":"","theme-transparent-header-meta":"default","adv-header-id-meta":"","stick-header-meta":"","header-above-stick-meta":"","header-main-stick-meta":"","header-below-stick-meta":"","astra-migrate-meta-layouts":"default","ast-page-background-enabled":"default","ast-page-background-meta":{"desktop":{"background-color":"","background-image":"","background-repeat":"repeat","background-position":"center center","background-size":"auto","background-attachment":"scroll","background-type":"","background-media":"","overlay-type":"","overlay-color":"","overlay-opacity":"","overlay-gradient":""},"tablet":{"background-color":"","background-image":"","background-repeat":"repeat","background-position":"center center","background-size":"auto","background-attachment":"scroll","background-type":"","background-media":"","overlay-type":"","overlay-color":"","overlay-opacity":"","overlay-gradient":""},"mobile":{"background-color":"","background-image":"","background-repeat":"repeat","background-position":"center center","background-size":"auto","background-attachment":"scroll","background-type":"","background-media":"","overlay-type":"","overlay-color":"","overlay-opacity":"","overlay-gradient":""}},"ast-content-background-meta":{"desktop":{"background-color":"var(--ast-global-color-5)","background-image":"","background-repeat":"repeat","background-position":"center center","background-size":"auto","background-attachment":"scroll","background-type":"","background-media":"","overlay-type":"","overlay-color":"","overlay-opacity":"","overlay-gradient":""},"tablet":{"background-color":"var(--ast-global-color-5)","background-image":"","background-repeat":"repeat","background-position":"center center","background-size":"auto","background-attachment":"scroll","background-type":"","background-media":"","overlay-type":"","overlay-color":"","overlay-opacity":"","overlay-gradient":""},"mobile":{"background-color":"var(--ast-global-color-5)","background-image":"","background-repeat":"repeat","background-position":"center center","background-size":"auto","background-attachment":"scroll","background-type":"","background-media":"","overlay-type":"","overlay-color":"","overlay-opacity":"","overlay-gradient":""}},"footnotes":""},"class_list":["post-279","page","type-page","status-publish","hentry"],"_links":{"self":[{"href":"https:\/\/history.skola.edu.mt\/index.php?rest_route=\/wp\/v2\/pages\/279","targetHints":{"allow":["GET"]}}],"collection":[{"href":"https:\/\/history.skola.edu.mt\/index.php?rest_route=\/wp\/v2\/pages"}],"about":[{"href":"https:\/\/history.skola.edu.mt\/index.php?rest_route=\/wp\/v2\/types\/page"}],"author":[{"embeddable":true,"href":"https:\/\/history.skola.edu.mt\/index.php?rest_route=\/wp\/v2\/users\/3"}],"replies":[{"embeddable":true,"href":"https:\/\/history.skola.edu.mt\/index.php?rest_route=%2Fwp%2Fv2%2Fcomments&post=279"}],"version-history":[{"count":4,"href":"https:\/\/history.skola.edu.mt\/index.php?rest_route=\/wp\/v2\/pages\/279\/revisions"}],"predecessor-version":[{"id":925,"href":"https:\/\/history.skola.edu.mt\/index.php?rest_route=\/wp\/v2\/pages\/279\/revisions\/925"}],"wp:attachment":[{"href":"https:\/\/history.skola.edu.mt\/index.php?rest_route=%2Fwp%2Fv2%2Fmedia&parent=279"}],"curies":[{"name":"wp","href":"https:\/\/api.w.org\/{rel}","templated":true}]}}