{"id":244,"date":"2017-10-13T08:00:29","date_gmt":"2017-10-13T07:00:29","guid":{"rendered":"http:\/\/history.skola.edu.mt\/?page_id=244"},"modified":"2020-07-07T08:18:09","modified_gmt":"2020-07-07T07:18:09","slug":"new","status":"publish","type":"page","link":"https:\/\/history.skola.edu.mt\/?page_id=244","title":{"rendered":"Id-Disa&#8217; Sena"},"content":{"rendered":"<p><strong>Materjal Uffi\u010bjali<\/strong><\/p>\n<p><a href=\"http:\/\/history.skola.edu.mt\/wp-content\/uploads\/2018\/07\/02.-Storja-\u0120enerali-S9-Sillabu-2018-2021.pdf\">Storja \u0120enerali S9 Sillabu (2018-2021)<\/a><\/p>\n<p><a href=\"http:\/\/history.skola.edu.mt\/wp-content\/uploads\/2017\/11\/Storja-Gen-Sena-9-sample-paper.pdf\">Sample Paper Disa&#8217; Sena Storja \u0120enerali<\/a><\/p>\n<p><a href=\"https:\/\/curriculum.gov.mt\/en\/digital_resources\/history_resources\/Pages\/default.aspx?RootFolder=%2Fen%2Fdigital%5Fresources%2Fhistory%5Fresources%2FDocuments%2FHistory%20Powerpoints%20%2D%20Year%2009&amp;FolderCTID=0x0120008D2B6278F554CB4C9689D64C4B78A62D&amp;View={8134CF60-A05F-4926-82E2-CAD7323E702A}\">Presentations g\u0127as-sillabu tad-Disa&#8217; sena bil-Malti u bl-Ingli\u017c<\/a><\/p>\n","protected":false},"excerpt":{"rendered":"<p>Materjal Uffi\u010bjali Storja \u0120enerali S9 Sillabu (2018-2021) Sample Paper Disa&#8217; Sena Storja \u0120enerali Presentations g\u0127as-sillabu tad-Disa&#8217; sena bil-Malti u bl-Ingli\u017c<\/p>\n","protected":false},"author":3,"featured_media":0,"parent":0,"menu_order":0,"comment_status":"closed","ping_status":"closed","template":"","meta":{"site-sidebar-layout":"default","site-content-layout":"default","ast-site-content-layout":"","site-content-style":"default","site-sidebar-style":"default","ast-global-header-display":"","ast-banner-title-visibility":"","ast-main-header-display":"","ast-hfb-above-header-display":"","ast-hfb-below-header-display":"","ast-hfb-mobile-header-display":"","site-post-title":"","ast-breadcrumbs-content":"","ast-featured-img":"","footer-sml-layout":"","theme-transparent-header-meta":"default","adv-header-id-meta":"","stick-header-meta":"","header-above-stick-meta":"","header-main-stick-meta":"","header-below-stick-meta":"","astra-migrate-meta-layouts":"default","ast-page-background-enabled":"default","ast-page-background-meta":{"desktop":{"background-color":"","background-image":"","background-repeat":"repeat","background-position":"center center","background-size":"auto","background-attachment":"scroll","background-type":"","background-media":"","overlay-type":"","overlay-color":"","overlay-opacity":"","overlay-gradient":""},"tablet":{"background-color":"","background-image":"","background-repeat":"repeat","background-position":"center center","background-size":"auto","background-attachment":"scroll","background-type":"","background-media":"","overlay-type":"","overlay-color":"","overlay-opacity":"","overlay-gradient":""},"mobile":{"background-color":"","background-image":"","background-repeat":"repeat","background-position":"center center","background-size":"auto","background-attachment":"scroll","background-type":"","background-media":"","overlay-type":"","overlay-color":"","overlay-opacity":"","overlay-gradient":""}},"ast-content-background-meta":{"desktop":{"background-color":"var(--ast-global-color-5)","background-image":"","background-repeat":"repeat","background-position":"center center","background-size":"auto","background-attachment":"scroll","background-type":"","background-media":"","overlay-type":"","overlay-color":"","overlay-opacity":"","overlay-gradient":""},"tablet":{"background-color":"var(--ast-global-color-5)","background-image":"","background-repeat":"repeat","background-position":"center center","background-size":"auto","background-attachment":"scroll","background-type":"","background-media":"","overlay-type":"","overlay-color":"","overlay-opacity":"","overlay-gradient":""},"mobile":{"background-color":"var(--ast-global-color-5)","background-image":"","background-repeat":"repeat","background-position":"center center","background-size":"auto","background-attachment":"scroll","background-type":"","background-media":"","overlay-type":"","overlay-color":"","overlay-opacity":"","overlay-gradient":""}},"footnotes":""},"class_list":["post-244","page","type-page","status-publish","hentry"],"_links":{"self":[{"href":"https:\/\/history.skola.edu.mt\/index.php?rest_route=\/wp\/v2\/pages\/244","targetHints":{"allow":["GET"]}}],"collection":[{"href":"https:\/\/history.skola.edu.mt\/index.php?rest_route=\/wp\/v2\/pages"}],"about":[{"href":"https:\/\/history.skola.edu.mt\/index.php?rest_route=\/wp\/v2\/types\/page"}],"author":[{"embeddable":true,"href":"https:\/\/history.skola.edu.mt\/index.php?rest_route=\/wp\/v2\/users\/3"}],"replies":[{"embeddable":true,"href":"https:\/\/history.skola.edu.mt\/index.php?rest_route=%2Fwp%2Fv2%2Fcomments&post=244"}],"version-history":[{"count":9,"href":"https:\/\/history.skola.edu.mt\/index.php?rest_route=\/wp\/v2\/pages\/244\/revisions"}],"predecessor-version":[{"id":1001,"href":"https:\/\/history.skola.edu.mt\/index.php?rest_route=\/wp\/v2\/pages\/244\/revisions\/1001"}],"wp:attachment":[{"href":"https:\/\/history.skola.edu.mt\/index.php?rest_route=%2Fwp%2Fv2%2Fmedia&parent=244"}],"curies":[{"name":"wp","href":"https:\/\/api.w.org\/{rel}","templated":true}]}}