{"id":111,"date":"2010-04-08T14:42:09","date_gmt":"2010-04-08T13:42:09","guid":{"rendered":"http:\/\/history.skola.edu.mt\/?page_id=111"},"modified":"2025-05-05T17:49:36","modified_gmt":"2025-05-05T16:49:36","slug":"interesting","status":"publish","type":"page","link":"https:\/\/history.skola.edu.mt\/?page_id=111","title":{"rendered":"It-Tmien Sena"},"content":{"rendered":"<div id=\"page\" class=\"hfeed site\">\n<div id=\"primary\" class=\"content-area\">\n<div id=\"content\" class=\"site-content\" role=\"main\">\n<article id=\"post-21\" class=\"post-21 page type-page status-publish hentry\">\n<div class=\"entry-area\">\n<div class=\"entry-content\">\n<p><strong>Materjal Uffi\u010bjali<\/strong><\/p>\n<p><a href=\"https:\/\/history.skola.edu.mt\/wp-content\/uploads\/2025\/05\/Glossarju-ta-Termini-fis-Sillabu-tal-Istorja-ghas-Sn_in-Medji-7-u-8_compressed.pdf\">Glossarju ta&#8217; Termini fis-Sillabu tal-Istorja g\u0127as-Snin Medji (7 u 8)<\/a><\/p>\n<p><a href=\"https:\/\/history.skola.edu.mt\/wp-content\/uploads\/2023\/10\/Kuncetti-u-Hiliet-fl-Istorja-ghas-Seba-u-t-Tmien-Sena-2022-print-version.pdf\">Kun\u010betti u \u0126iliet fl-Istorja g\u0127as-Seba&#8217; u t-Tmien Sena<\/a><\/p>\n<p><a href=\"http:\/\/curriculum.gov.mt\/en\/Curriculum\/Year-8\/Documents\/curric_f2\/curric_f2_history_tolo.pdf\" target=\"_blank\" rel=\"noopener noreferrer\">Teaching Objectives ad Learning Outcomes <\/a><\/p>\n<p><a href=\"http:\/\/history.skola.edu.mt\/wp-content\/uploads\/2018\/07\/04.-SBA-Assessment-Criteria-Rubrics-for-Years-7-and-8.pdf\">SBA Assessment Criteria Rubrics for Years 7 and 8<\/a><\/p>\n<p><a href=\"http:\/\/history.skola.edu.mt\/wp-content\/uploads\/2018\/07\/05b.-SBA-for-Year-7-8-Blank-templates.docx\">SBA for Year 7 &amp; 8 Blank templates<\/a><\/p>\n<p><a href=\"http:\/\/history.skola.edu.mt\/wp-content\/uploads\/2018\/07\/06.-SBA-Assessment-Sheet.docx\">SBA Assessment Sheet<\/a><\/p>\n<p><a href=\"http:\/\/history.skola.edu.mt\/wp-content\/uploads\/2018\/07\/07.-History-SBA-Assessment-Sheet-Years-7-and-8-1.xlsx\">History SBA Assessment Sheet Years 7 and 8<\/a><\/p>\n<p><a href=\"http:\/\/history.skola.edu.mt\/wp-content\/uploads\/2018\/07\/08-Learning-Outcomes-History-Levels-7-10-In-Set-July-2017.pdf\">Learning Outcomes History Levels 7-10 (In-Set July 2017)<\/a><\/p>\n<p><a href=\"https:\/\/history.skola.edu.mt\/wp-content\/uploads\/2021\/04\/Year-8-Learning-Assessment-Programme-2020-with-websites.pdf\">Year 8 Learning &amp; Assessment Programme 2020 with websites<\/a><\/p>\n<p>Rizorsi ghat-Tmien Sena<\/p>\n<p><a href=\"http:\/\/history.skola.edu.mt\/wp-content\/uploads\/2018\/09\/17.-L-G\u0127arab-fMalta.pdf\">17. L-G\u0127arab fMalta<\/a><\/p>\n<p><a href=\"http:\/\/history.skola.edu.mt\/wp-content\/uploads\/2018\/09\/18.-Il-Wirt-Medjevali-fil-G\u017cejjer-Maltin.pdf\">18. Il-Wirt Medjevali fil-G\u017cejjer Maltin<\/a><\/p>\n<p><a href=\"http:\/\/history.skola.edu.mt\/wp-content\/uploads\/2018\/09\/19.-Il-Mi\u0121ja-tal-Konti-Ru\u0121\u0121ieru-fMalta.pdf\">19. Il-Mi\u0121ja tal-Konti Ru\u0121\u0121ieru fMalta<\/a><\/p>\n<p><a href=\"http:\/\/history.skola.edu.mt\/wp-content\/uploads\/2018\/09\/20.-Il-Gvern-Malti-fis-Seklu-15.pdf\">20. Il-Gvern Malti fis-Seklu 15<\/a><\/p>\n<p><a href=\"http:\/\/history.skola.edu.mt\/wp-content\/uploads\/2018\/09\/21.-Is-Sistema-Fewdali-fl-Ewropa-Medjevali.pdf\">21. Is-Sistema Fewdali fl-Ewropa Medjevali<\/a><\/p>\n<p><a href=\"http:\/\/history.skola.edu.mt\/wp-content\/uploads\/2018\/09\/22.-Industriji-u-Xog\u0127lijiet-fil-Medjuevu.pdf\">22. Industriji u Xog\u0127lijiet fil-Medjuevu<\/a><\/p>\n<p><a href=\"http:\/\/history.skola.edu.mt\/wp-content\/uploads\/2018\/09\/23.-Ir-Ra\u0127al-Fewdali-fl-Ewropa-Medjevali.pdf\">23. Ir-Ra\u0127al Fewdali fl-Ewropa Medjevali<\/a><\/p>\n<p><a href=\"http:\/\/history.skola.edu.mt\/wp-content\/uploads\/2018\/09\/24.-Il-Kru\u010bjati-fl-Art-Imqaddsa.pdf\">24. Il-Kru\u010bjati fl-Art Imqaddsa<\/a><\/p>\n<p><a href=\"http:\/\/history.skola.edu.mt\/wp-content\/uploads\/2018\/09\/25.-Armaturi-u-Lbies-tal-Kavallieri-ta-San-\u0120wann.pdf\">25. Armaturi u Lbies tal-Kavallieri ta San \u0120wann<\/a><\/p>\n<p><a href=\"http:\/\/history.skola.edu.mt\/wp-content\/uploads\/2018\/09\/29.-L-Ewwel-Vja\u0121\u0121-ta-Colombus-fl-1492.pdf\">29. L-Ewwel Vja\u0121\u0121 ta Colombus fl-1492<\/a><\/p>\n<p><a href=\"http:\/\/history.skola.edu.mt\/wp-content\/uploads\/2018\/09\/30.-Il-Vja\u0121\u0121i-ta-Dias-u-Da-Gama-Lejn-l-India.pdf\">30. Il-Vja\u0121\u0121i ta Dias u Da Gama Lejn l-India<\/a><\/p>\n<p><a href=\"http:\/\/history.skola.edu.mt\/wp-content\/uploads\/2018\/09\/31.-L-Ewwel-Vja\u0121\u0121i-lejn-id-Dinja-l-\u0120dida.pdf\">31. L-Ewwel Vja\u0121\u0121i lejn id-Dinja l-\u0120dida<\/a><\/p>\n<p><a href=\"http:\/\/history.skola.edu.mt\/wp-content\/uploads\/2018\/09\/32.-\u017bvilupp-fix-Xwieni-u-t-Tba\u0127ir.pdf\">32. \u017bvilupp fix-Xwieni u t-Tba\u0127ir<\/a><\/p>\n<p>33. <a href=\"https:\/\/history.skola.edu.mt\/wp-content\/uploads\/2020\/05\/Artifatti-tal-Vikingi-Viking-Artefacts-Yr8-22slides.pdf\">Artifatti tal-Vikingi-Viking Artefacts-Yr8-22slides<\/a><\/p>\n<p>34. <a href=\"https:\/\/history.skola.edu.mt\/wp-content\/uploads\/2020\/05\/Il-\u0120rajja-ta\u2019-Gonsalvo-Monroy-The-Monroy-Incident-Yr8-19slides.pdf\">Il-\u0120rajja ta\u2019 Gonsalvo Monroy (The Monroy Incident)<\/a><\/p>\n<p>35. <a href=\"https:\/\/history.skola.edu.mt\/wp-content\/uploads\/2020\/05\/Il-Kavallieri-ta-San-\u0120wann-fl-Art-Imqaddsa-The-Order-of-St-John-in-the-Holy-Land-Yr8-18slides.pdf\">Il-Kavallieri ta&#8217; San \u0120wann fl-Art Imqaddsa (The Order of St John in the Holy Land)<\/a><\/p>\n<p>36. <a href=\"https:\/\/history.skola.edu.mt\/wp-content\/uploads\/2020\/05\/Il-Kavallieri-ta-San-\u0120wann-fRodi-The-Knights-of-St-John-in-Rhodes-Yr8-20slides.pdf\">Il-Kavallieri ta&#8217; San \u0120wann f&#8217;Rodi (The Knights of St John in Rhodes)<\/a><\/p>\n<p>37. <a href=\"https:\/\/history.skola.edu.mt\/wp-content\/uploads\/2020\/05\/Il-Vja\u0121\u0121i-ta-Kristoforu-Kolombu-The-Voyages-of-Christopher-Colombus-Yr8-17slides.pdf\">Il-Vja\u0121\u0121i ta&#8217; Kristoforu Kolombu-The Voyages of Christopher Colombus-Yr8-17slides<\/a><\/p>\n<\/div>\n<p>38. <a href=\"https:\/\/history.skola.edu.mt\/wp-content\/uploads\/2020\/05\/Is-Sibi-u-d-Dejma-corsairing-and-the-Dejma-Yr8-24slides.pdf\">Is-Sibi u d-Dejma (Corsairing and the Dejma)<\/a><\/p>\n<p>39. <a href=\"https:\/\/history.skola.edu.mt\/wp-content\/uploads\/2020\/05\/Is-Sistema-Fewdali-fil-Medjuevu-The-Feudal-System-in-the-Middle-Ages-Yr8-25slides.pdf\">Is-Sistema Fewdali fil-Medjuevu (The Feudal System in the Middle Ages)<\/a><\/p>\n<p>40. <a href=\"https:\/\/history.skola.edu.mt\/wp-content\/uploads\/2020\/05\/L-Arti-Medjevali-vs-L-Arti-Rinaxximentali-Medieval-vs-Renaissance-Art-Yr8-21slides.pdf\">L-Arti Medjevali vs L-Arti Rinaxximentali (Medieval vs Renaissance Art)<\/a><\/p>\n<p>41. <a href=\"https:\/\/history.skola.edu.mt\/wp-content\/uploads\/2020\/05\/The-Black-Death-of-1347-Yr8-16slides.pdf\">The Black Death of 1347<\/a><\/p>\n<div class=\"entry-content\">\n<p>42. <a href=\"https:\/\/history.skola.edu.mt\/wp-content\/uploads\/2020\/05\/\u017bmien-Federiku-II-Frederick-IIs-Times-Yr8-16slides.pdf\">\u017bmien Federiku II (Frederick II&#8217;s times)<\/a><\/p>\n<\/div>\n<\/div>\n<\/article>\n<\/div>\n<\/div>\n<\/div>\n","protected":false},"excerpt":{"rendered":"<p>Materjal Uffi\u010bjali Glossarju ta&#8217; Termini fis-Sillabu tal-Istorja g\u0127as-Snin Medji (7 u 8) Kun\u010betti u \u0126iliet fl-Istorja g\u0127as-Seba&#8217; u t-Tmien Sena Teaching Objectives ad Learning Outcomes SBA Assessment Criteria Rubrics for Years 7 and 8 SBA for Year 7 &amp; 8 Blank templates SBA Assessment Sheet History SBA Assessment Sheet Years 7 and 8 Learning Outcomes [&hellip;]<\/p>\n","protected":false},"author":3,"featured_media":0,"parent":0,"menu_order":0,"comment_status":"open","ping_status":"open","template":"","meta":{"site-sidebar-layout":"default","site-content-layout":"default","ast-site-content-layout":"default","site-content-style":"default","site-sidebar-style":"default","ast-global-header-display":"","ast-banner-title-visibility":"","ast-main-header-display":"","ast-hfb-above-header-display":"","ast-hfb-below-header-display":"","ast-hfb-mobile-header-display":"","site-post-title":"","ast-breadcrumbs-content":"","ast-featured-img":"","footer-sml-layout":"","theme-transparent-header-meta":"default","adv-header-id-meta":"","stick-header-meta":"","header-above-stick-meta":"","header-main-stick-meta":"","header-below-stick-meta":"","astra-migrate-meta-layouts":"set","ast-page-background-enabled":"default","ast-page-background-meta":{"desktop":{"background-color":"","background-image":"","background-repeat":"repeat","background-position":"center center","background-size":"auto","background-attachment":"scroll","background-type":"","background-media":"","overlay-type":"","overlay-color":"","overlay-opacity":"","overlay-gradient":""},"tablet":{"background-color":"","background-image":"","background-repeat":"repeat","background-position":"center center","background-size":"auto","background-attachment":"scroll","background-type":"","background-media":"","overlay-type":"","overlay-color":"","overlay-opacity":"","overlay-gradient":""},"mobile":{"background-color":"","background-image":"","background-repeat":"repeat","background-position":"center center","background-size":"auto","background-attachment":"scroll","background-type":"","background-media":"","overlay-type":"","overlay-color":"","overlay-opacity":"","overlay-gradient":""}},"ast-content-background-meta":{"desktop":{"background-color":"var(--ast-global-color-5)","background-image":"","background-repeat":"repeat","background-position":"center center","background-size":"auto","background-attachment":"scroll","background-type":"","background-media":"","overlay-type":"","overlay-color":"","overlay-opacity":"","overlay-gradient":""},"tablet":{"background-color":"var(--ast-global-color-5)","background-image":"","background-repeat":"repeat","background-position":"center center","background-size":"auto","background-attachment":"scroll","background-type":"","background-media":"","overlay-type":"","overlay-color":"","overlay-opacity":"","overlay-gradient":""},"mobile":{"background-color":"var(--ast-global-color-5)","background-image":"","background-repeat":"repeat","background-position":"center center","background-size":"auto","background-attachment":"scroll","background-type":"","background-media":"","overlay-type":"","overlay-color":"","overlay-opacity":"","overlay-gradient":""}},"footnotes":""},"class_list":["post-111","page","type-page","status-publish","hentry"],"_links":{"self":[{"href":"https:\/\/history.skola.edu.mt\/index.php?rest_route=\/wp\/v2\/pages\/111","targetHints":{"allow":["GET"]}}],"collection":[{"href":"https:\/\/history.skola.edu.mt\/index.php?rest_route=\/wp\/v2\/pages"}],"about":[{"href":"https:\/\/history.skola.edu.mt\/index.php?rest_route=\/wp\/v2\/types\/page"}],"author":[{"embeddable":true,"href":"https:\/\/history.skola.edu.mt\/index.php?rest_route=\/wp\/v2\/users\/3"}],"replies":[{"embeddable":true,"href":"https:\/\/history.skola.edu.mt\/index.php?rest_route=%2Fwp%2Fv2%2Fcomments&post=111"}],"version-history":[{"count":23,"href":"https:\/\/history.skola.edu.mt\/index.php?rest_route=\/wp\/v2\/pages\/111\/revisions"}],"predecessor-version":[{"id":1340,"href":"https:\/\/history.skola.edu.mt\/index.php?rest_route=\/wp\/v2\/pages\/111\/revisions\/1340"}],"wp:attachment":[{"href":"https:\/\/history.skola.edu.mt\/index.php?rest_route=%2Fwp%2Fv2%2Fmedia&parent=111"}],"curies":[{"name":"wp","href":"https:\/\/api.w.org\/{rel}","templated":true}]}}